{"id":702,"date":"2021-10-18T10:05:06","date_gmt":"2021-10-18T09:05:06","guid":{"rendered":"https:\/\/forncalbou.com\/?page_id=702"},"modified":"2021-11-22T18:48:48","modified_gmt":"2021-11-22T17:48:48","slug":"treballa-amb-nosaltres","status":"publish","type":"page","link":"https:\/\/forncalbou.com\/es\/treballa-amb-nosaltres\/","title":{"rendered":"colabora con nosotros"},"content":{"rendered":"<div id='layer_slider_1'  class='avia-layerslider main_color avia-shadow  avia-builder-el-0  el_before_av_section  avia-builder-el-first  container_wrap sidebar_right' style='  height: 351px; max-width: 1340px; margin: 0 auto;' ><\/div>\n<div id='av_section_1'  class='avia-section main_color avia-section-default avia-no-border-styling  avia-bg-style-scroll  avia-builder-el-1  el_after_av_layerslider  el_before_av_heading   container_wrap sidebar_right' style='background-color: #eaeaea;  '  ><div class='container' ><div class='template-page content  av-content-small alpha units'><div class='post-entry post-entry-type-page post-entry-702'><div class='entry-content-wrapper clearfix'>\n<div  style='padding-bottom:10px; ' class='av-special-heading av-special-heading-h1  blockquote modern-quote modern-centered  avia-builder-el-2  el_before_av_hr  avia-builder-el-first  '><h1 class='av-special-heading-tag '  itemprop=\"headline\"  >QUIERES ALGUNO DE NUESTROS PRODUCTOS EN TU ESTABLECIMIENTO?<\/h1><div class='special-heading-border'><div class='special-heading-inner-border' ><\/div><\/div><\/div>\n<div  style='height:40px' class='hr hr-invisible   avia-builder-el-3  el_after_av_heading  el_before_av_one_fifth '><span class='hr-inner ' ><span class='hr-inner-style'><\/span><\/span><\/div>\n<div class=\"flex_column av_one_fifth  flex_column_div av-zero-column-padding first  avia-builder-el-4  el_after_av_hr  el_before_av_three_fifth  \" style='border-radius:0px; '><\/div><div class=\"flex_column av_three_fifth  flex_column_div   avia-builder-el-5  el_after_av_one_fifth  el_before_av_one_fifth  \" style='background: #ffffff; box-shadow: 0 0 10px 0 #757575; padding:20px; background-color:#ffffff; border-radius:5px; '><section class=\"av_textblock_section \"  itemscope=\"itemscope\" itemtype=\"https:\/\/schema.org\/CreativeWork\" ><div class='avia_textblock  '   itemprop=\"text\" ><p><img decoding=\"async\" loading=\"lazy\" class=\"alignnone wp-image-728 aligncenter\" src=\"https:\/\/i0.wp.com\/forncalbou.com\/wp-content\/uploads\/2021\/10\/1010122-1.png?resize=50%2C50&#038;ssl=1\" alt=\"\" width=\"50\" height=\"50\" srcset=\"https:\/\/i0.wp.com\/forncalbou.com\/wp-content\/uploads\/2021\/10\/1010122-1.png?resize=300%2C300&amp;ssl=1 300w, https:\/\/i0.wp.com\/forncalbou.com\/wp-content\/uploads\/2021\/10\/1010122-1.png?resize=80%2C80&amp;ssl=1 80w, https:\/\/i0.wp.com\/forncalbou.com\/wp-content\/uploads\/2021\/10\/1010122-1.png?resize=36%2C36&amp;ssl=1 36w, https:\/\/i0.wp.com\/forncalbou.com\/wp-content\/uploads\/2021\/10\/1010122-1.png?resize=180%2C180&amp;ssl=1 180w, https:\/\/i0.wp.com\/forncalbou.com\/wp-content\/uploads\/2021\/10\/1010122-1.png?w=512&amp;ssl=1 512w\" sizes=\"(max-width: 50px) 100vw, 50px\" data-recalc-dims=\"1\" \/><\/p>\n<h2 style=\"text-align: center;\">Una historia que contar, m\u00e1s de 130 a\u00f1os de pasi\u00f3n por el pan y el dulce<\/h2>\n<p><img decoding=\"async\" loading=\"lazy\" class=\"wp-image-732 aligncenter\" src=\"https:\/\/i0.wp.com\/forncalbou.com\/wp-content\/uploads\/2021\/10\/1079171.png?resize=50%2C50&#038;ssl=1\" alt=\"\" width=\"50\" height=\"50\" srcset=\"https:\/\/i0.wp.com\/forncalbou.com\/wp-content\/uploads\/2021\/10\/1079171.png?resize=300%2C300&amp;ssl=1 300w, https:\/\/i0.wp.com\/forncalbou.com\/wp-content\/uploads\/2021\/10\/1079171.png?resize=80%2C80&amp;ssl=1 80w, https:\/\/i0.wp.com\/forncalbou.com\/wp-content\/uploads\/2021\/10\/1079171.png?resize=36%2C36&amp;ssl=1 36w, https:\/\/i0.wp.com\/forncalbou.com\/wp-content\/uploads\/2021\/10\/1079171.png?resize=180%2C180&amp;ssl=1 180w, https:\/\/i0.wp.com\/forncalbou.com\/wp-content\/uploads\/2021\/10\/1079171.png?w=512&amp;ssl=1 512w\" sizes=\"(max-width: 50px) 100vw, 50px\" data-recalc-dims=\"1\" \/><\/p>\n<h2 style=\"text-align: center;\">Producto artesanal 100%<\/h2>\n<p><img decoding=\"async\" loading=\"lazy\" class=\"wp-image-734 aligncenter\" src=\"https:\/\/i0.wp.com\/forncalbou.com\/wp-content\/uploads\/2021\/10\/2685900.png?resize=50%2C50&#038;ssl=1\" alt=\"\" width=\"50\" height=\"50\" srcset=\"https:\/\/i0.wp.com\/forncalbou.com\/wp-content\/uploads\/2021\/10\/2685900.png?resize=300%2C300&amp;ssl=1 300w, https:\/\/i0.wp.com\/forncalbou.com\/wp-content\/uploads\/2021\/10\/2685900.png?resize=80%2C80&amp;ssl=1 80w, https:\/\/i0.wp.com\/forncalbou.com\/wp-content\/uploads\/2021\/10\/2685900.png?resize=36%2C36&amp;ssl=1 36w, https:\/\/i0.wp.com\/forncalbou.com\/wp-content\/uploads\/2021\/10\/2685900.png?resize=180%2C180&amp;ssl=1 180w, https:\/\/i0.wp.com\/forncalbou.com\/wp-content\/uploads\/2021\/10\/2685900.png?w=512&amp;ssl=1 512w\" sizes=\"(max-width: 50px) 100vw, 50px\" data-recalc-dims=\"1\" \/><\/p>\n<h2 style=\"text-align: center;\">Producto de proximidad<\/h2>\n<p><img decoding=\"async\" loading=\"lazy\" class=\"aligncenter wp-image-738\" src=\"https:\/\/i0.wp.com\/forncalbou.com\/wp-content\/uploads\/2021\/10\/3270331.png?resize=50%2C50&#038;ssl=1\" alt=\"\" width=\"50\" height=\"50\" srcset=\"https:\/\/i0.wp.com\/forncalbou.com\/wp-content\/uploads\/2021\/10\/3270331.png?resize=300%2C300&amp;ssl=1 300w, https:\/\/i0.wp.com\/forncalbou.com\/wp-content\/uploads\/2021\/10\/3270331.png?resize=80%2C80&amp;ssl=1 80w, https:\/\/i0.wp.com\/forncalbou.com\/wp-content\/uploads\/2021\/10\/3270331.png?resize=36%2C36&amp;ssl=1 36w, https:\/\/i0.wp.com\/forncalbou.com\/wp-content\/uploads\/2021\/10\/3270331.png?resize=180%2C180&amp;ssl=1 180w, https:\/\/i0.wp.com\/forncalbou.com\/wp-content\/uploads\/2021\/10\/3270331.png?w=512&amp;ssl=1 512w\" sizes=\"(max-width: 50px) 100vw, 50px\" data-recalc-dims=\"1\" \/><\/p>\n<h2 style=\"text-align: center;\">Materias primas de m\u00e1xima calidad<\/h2>\n<\/div><\/section><\/div><div class=\"flex_column av_one_fifth  flex_column_div av-zero-column-padding   avia-builder-el-7  el_after_av_three_fifth  avia-builder-el-last  \" style='border-radius:0px; '><\/div><\/div><\/div><\/div><!-- close content main div --><\/div><\/div><div id='after_section_1'  class='main_color av_default_container_wrap container_wrap sidebar_right' style=' '  ><div class='container' ><div class='template-page content  av-content-small alpha units'><div class='post-entry post-entry-type-page post-entry-702'><div class='entry-content-wrapper clearfix'><div  style='padding-bottom:10px; ' class='av-special-heading av-special-heading-h2  blockquote modern-quote modern-centered  avia-builder-el-8  el_after_av_section  el_before_av_hr  avia-builder-el-first  '><h2 class='av-special-heading-tag '  itemprop=\"headline\"  >\u00a1Si estas interesado, nos encantar\u00eda escucharte! Contacta con nosotros con este formulario r\u00e1pido:<\/h2><div class='special-heading-border'><div class='special-heading-inner-border' ><\/div><\/div><\/div><\/p>\n<div  style='height:40px' class='hr hr-invisible   avia-builder-el-9  el_after_av_heading  el_before_av_one_fifth '><span class='hr-inner ' ><span class='hr-inner-style'><\/span><\/span><\/div>\n<div class=\"flex_column av_one_fifth  flex_column_div av-zero-column-padding first  avia-builder-el-10  el_after_av_hr  el_before_av_three_fifth  \" style='border-radius:0px; '><\/div>\n<div class=\"flex_column av_three_fifth  flex_column_div   avia-builder-el-11  el_after_av_one_fifth  el_before_av_one_fifth  \" style='background: #eaeaea; border-width:1px; border-style:solid; box-shadow: 0 0 10px 0 #111111; padding:20px; background-color:#eaeaea; border-radius:5px; '><section class=\"av_textblock_section \"  itemscope=\"itemscope\" itemtype=\"https:\/\/schema.org\/CreativeWork\" ><div class='avia_textblock  '   itemprop=\"text\" ><div role=\"form\" class=\"wpcf7\" id=\"wpcf7-f763-o1\" lang=\"es-ES\" dir=\"ltr\">\n<div class=\"screen-reader-response\"><p role=\"status\" aria-live=\"polite\" aria-atomic=\"true\"><\/p> <ul><\/ul><\/div>\n<form action=\"\/es\/wp-json\/wp\/v2\/pages\/702#wpcf7-f763-o1\" method=\"post\" class=\"wpcf7-form init\" novalidate=\"novalidate\" data-status=\"init\">\n<div style=\"display: none;\">\n<input type=\"hidden\" name=\"_wpcf7\" value=\"763\" \/>\n<input type=\"hidden\" name=\"_wpcf7_version\" value=\"5.5.2\" \/>\n<input type=\"hidden\" name=\"_wpcf7_locale\" value=\"es_ES\" \/>\n<input type=\"hidden\" name=\"_wpcf7_unit_tag\" value=\"wpcf7-f763-o1\" \/>\n<input type=\"hidden\" name=\"_wpcf7_container_post\" value=\"0\" \/>\n<input type=\"hidden\" name=\"_wpcf7_posted_data_hash\" value=\"\" \/>\n<input type=\"hidden\" name=\"_wpcf7_recaptcha_response\" value=\"\" \/>\n<\/div>\n<p><label> Nombre y apellido (obligatorio)<br \/>\n    <span class=\"wpcf7-form-control-wrap your-name\"><input type=\"text\" name=\"your-name\" value=\"\" size=\"40\" class=\"wpcf7-form-control wpcf7-text wpcf7-validates-as-required\" aria-required=\"true\" aria-invalid=\"false\" \/><\/span> <\/label><\/p>\n<p><label> Tel\u00e9fono: (obligatorio)<br \/>\n<span class=\"wpcf7-form-control-wrap tel-259\"><input type=\"tel\" name=\"tel-259\" value=\"\" size=\"40\" class=\"wpcf7-form-control wpcf7-text wpcf7-tel wpcf7-validates-as-required wpcf7-validates-as-tel\" aria-required=\"true\" aria-invalid=\"false\" \/><\/span> <\/label><\/p>\n<p><label> Correo electronico (obligatorio)<br \/>\n    <span class=\"wpcf7-form-control-wrap your-email\"><input type=\"email\" name=\"your-email\" value=\"\" size=\"40\" class=\"wpcf7-form-control wpcf7-text wpcf7-email wpcf7-validates-as-required wpcf7-validates-as-email\" aria-required=\"true\" aria-invalid=\"false\" \/><\/span> <\/label><\/p>\n<p><label> Nombre de empresa (obligatorio)<br \/>\n    <span class=\"wpcf7-form-control-wrap text-423\"><input type=\"text\" name=\"text-423\" value=\"\" size=\"40\" class=\"wpcf7-form-control wpcf7-text wpcf7-validates-as-required\" aria-required=\"true\" aria-invalid=\"false\" \/><\/span> <\/label><\/p>\n<p><label> Mensaje<br \/>\n    <span class=\"wpcf7-form-control-wrap your-message\"><textarea name=\"your-message\" cols=\"40\" rows=\"10\" class=\"wpcf7-form-control wpcf7-textarea\" aria-invalid=\"false\"><\/textarea><\/span> <\/label><\/p>\n<p><span class=\"wpcf7-form-control-wrap acceptance-231\"><span class=\"wpcf7-form-control wpcf7-acceptance optional\"><span class=\"wpcf7-list-item\"><input type=\"checkbox\" name=\"acceptance-231\" value=\"1\" aria-invalid=\"false\" \/><\/span><\/span><\/span> Acepto la <a target=\"_blank\" rel=\"Pol\u00edtica de privacidad\" href=\"https:\/\/forncalbou.com\/es\/privacy-policy\/\"> Pol\u00edtica de privacidad<\/a><\/p>\n<p><input type=\"submit\" value=\"Enviar\" class=\"wpcf7-form-control has-spinner wpcf7-submit\" \/><\/p>\n<p style=\"display: none !important;\"><label>&#916;<textarea name=\"_wpcf7_ak_hp_textarea\" cols=\"45\" rows=\"8\" maxlength=\"100\"><\/textarea><\/label><input type=\"hidden\" id=\"ak_js\" name=\"_wpcf7_ak_js\" value=\"52\"\/><script>document.getElementById( \"ak_js\" ).setAttribute( \"value\", ( new Date() ).getTime() );<\/script><\/p><div class=\"wpcf7-response-output\" aria-hidden=\"true\"><\/div><\/form><\/div>\n<\/div><\/section><\/div>\n<div class=\"flex_column av_one_fifth  flex_column_div av-zero-column-padding   avia-builder-el-13  el_after_av_three_fifth  avia-builder-el-last  \" style='border-radius:0px; '><\/div>\n","protected":false},"excerpt":{"rendered":"","protected":false},"author":2,"featured_media":0,"parent":0,"menu_order":0,"comment_status":"closed","ping_status":"closed","template":"","meta":{"_monsterinsights_skip_tracking":false,"_monsterinsights_sitenote_active":false,"_monsterinsights_sitenote_note":"","_monsterinsights_sitenote_category":0},"aioseo_notices":[],"yoast_head":"<!-- This site is optimized with the Yoast SEO plugin v17.6 - https:\/\/yoast.com\/wordpress\/plugins\/seo\/ -->\n<title>colabora con nosotros - Forn Cal Bou<\/title>\n<meta name=\"robots\" content=\"index, follow, max-snippet:-1, max-image-preview:large, max-video-preview:-1\" \/>\n<link rel=\"canonical\" href=\"https:\/\/forncalbou.com\/es\/treballa-amb-nosaltres\/\" \/>\n<meta property=\"og:locale\" content=\"es_ES\" \/>\n<meta property=\"og:type\" content=\"article\" \/>\n<meta property=\"og:title\" content=\"colabora con nosotros - Forn Cal Bou\" \/>\n<meta property=\"og:url\" content=\"https:\/\/forncalbou.com\/es\/treballa-amb-nosaltres\/\" \/>\n<meta property=\"og:site_name\" content=\"Forn Cal Bou\" \/>\n<meta property=\"article:modified_time\" content=\"2021-11-22T17:48:48+00:00\" \/>\n<meta property=\"og:image\" content=\"https:\/\/forncalbou.com\/wp-content\/uploads\/2021\/10\/1010122-1-300x300.png\" \/>\n<meta name=\"twitter:card\" content=\"summary_large_image\" \/>\n<meta name=\"twitter:label1\" content=\"Tiempo de lectura\" \/>\n\t<meta name=\"twitter:data1\" content=\"7 minutos\" \/>\n<script type=\"application\/ld+json\" class=\"yoast-schema-graph\">{\"@context\":\"https:\/\/schema.org\",\"@graph\":[{\"@type\":\"WebSite\",\"@id\":\"https:\/\/forncalbou.com\/#website\",\"url\":\"https:\/\/forncalbou.com\/\",\"name\":\"Forn Cal Bou\",\"description\":\"Otro sitio realizado con WordPress\",\"potentialAction\":[{\"@type\":\"SearchAction\",\"target\":{\"@type\":\"EntryPoint\",\"urlTemplate\":\"https:\/\/forncalbou.com\/?s={search_term_string}\"},\"query-input\":\"required name=search_term_string\"}],\"inLanguage\":\"es\"},{\"@type\":\"ImageObject\",\"@id\":\"https:\/\/forncalbou.com\/es\/treballa-amb-nosaltres\/#primaryimage\",\"inLanguage\":\"es\",\"url\":\"https:\/\/i0.wp.com\/forncalbou.com\/wp-content\/uploads\/2021\/10\/1010122-1.png?fit=512%2C512&ssl=1\",\"contentUrl\":\"https:\/\/i0.wp.com\/forncalbou.com\/wp-content\/uploads\/2021\/10\/1010122-1.png?fit=512%2C512&ssl=1\",\"width\":512,\"height\":512},{\"@type\":\"WebPage\",\"@id\":\"https:\/\/forncalbou.com\/es\/treballa-amb-nosaltres\/#webpage\",\"url\":\"https:\/\/forncalbou.com\/es\/treballa-amb-nosaltres\/\",\"name\":\"colabora con nosotros - Forn Cal Bou\",\"isPartOf\":{\"@id\":\"https:\/\/forncalbou.com\/#website\"},\"primaryImageOfPage\":{\"@id\":\"https:\/\/forncalbou.com\/es\/treballa-amb-nosaltres\/#primaryimage\"},\"datePublished\":\"2021-10-18T09:05:06+00:00\",\"dateModified\":\"2021-11-22T17:48:48+00:00\",\"breadcrumb\":{\"@id\":\"https:\/\/forncalbou.com\/es\/treballa-amb-nosaltres\/#breadcrumb\"},\"inLanguage\":\"es\",\"potentialAction\":[{\"@type\":\"ReadAction\",\"target\":[\"https:\/\/forncalbou.com\/es\/treballa-amb-nosaltres\/\"]}]},{\"@type\":\"BreadcrumbList\",\"@id\":\"https:\/\/forncalbou.com\/es\/treballa-amb-nosaltres\/#breadcrumb\",\"itemListElement\":[{\"@type\":\"ListItem\",\"position\":1,\"name\":\"Portada\",\"item\":\"https:\/\/forncalbou.com\/es\/inicio\/\"},{\"@type\":\"ListItem\",\"position\":2,\"name\":\"colabora con nosotros\"}]}]}<\/script>\n<!-- \/ Yoast SEO plugin. -->","yoast_head_json":{"title":"colabora con nosotros - Forn Cal Bou","robots":{"index":"index","follow":"follow","max-snippet":"max-snippet:-1","max-image-preview":"max-image-preview:large","max-video-preview":"max-video-preview:-1"},"canonical":"https:\/\/forncalbou.com\/es\/treballa-amb-nosaltres\/","og_locale":"es_ES","og_type":"article","og_title":"colabora con nosotros - Forn Cal Bou","og_url":"https:\/\/forncalbou.com\/es\/treballa-amb-nosaltres\/","og_site_name":"Forn Cal Bou","article_modified_time":"2021-11-22T17:48:48+00:00","og_image":[{"url":"https:\/\/forncalbou.com\/wp-content\/uploads\/2021\/10\/1010122-1-300x300.png"}],"twitter_card":"summary_large_image","twitter_misc":{"Tiempo de lectura":"7 minutos"},"schema":{"@context":"https:\/\/schema.org","@graph":[{"@type":"WebSite","@id":"https:\/\/forncalbou.com\/#website","url":"https:\/\/forncalbou.com\/","name":"Forn Cal Bou","description":"Otro sitio realizado con WordPress","potentialAction":[{"@type":"SearchAction","target":{"@type":"EntryPoint","urlTemplate":"https:\/\/forncalbou.com\/?s={search_term_string}"},"query-input":"required name=search_term_string"}],"inLanguage":"es"},{"@type":"ImageObject","@id":"https:\/\/forncalbou.com\/es\/treballa-amb-nosaltres\/#primaryimage","inLanguage":"es","url":"https:\/\/i0.wp.com\/forncalbou.com\/wp-content\/uploads\/2021\/10\/1010122-1.png?fit=512%2C512&ssl=1","contentUrl":"https:\/\/i0.wp.com\/forncalbou.com\/wp-content\/uploads\/2021\/10\/1010122-1.png?fit=512%2C512&ssl=1","width":512,"height":512},{"@type":"WebPage","@id":"https:\/\/forncalbou.com\/es\/treballa-amb-nosaltres\/#webpage","url":"https:\/\/forncalbou.com\/es\/treballa-amb-nosaltres\/","name":"colabora con nosotros - Forn Cal Bou","isPartOf":{"@id":"https:\/\/forncalbou.com\/#website"},"primaryImageOfPage":{"@id":"https:\/\/forncalbou.com\/es\/treballa-amb-nosaltres\/#primaryimage"},"datePublished":"2021-10-18T09:05:06+00:00","dateModified":"2021-11-22T17:48:48+00:00","breadcrumb":{"@id":"https:\/\/forncalbou.com\/es\/treballa-amb-nosaltres\/#breadcrumb"},"inLanguage":"es","potentialAction":[{"@type":"ReadAction","target":["https:\/\/forncalbou.com\/es\/treballa-amb-nosaltres\/"]}]},{"@type":"BreadcrumbList","@id":"https:\/\/forncalbou.com\/es\/treballa-amb-nosaltres\/#breadcrumb","itemListElement":[{"@type":"ListItem","position":1,"name":"Portada","item":"https:\/\/forncalbou.com\/es\/inicio\/"},{"@type":"ListItem","position":2,"name":"colabora con nosotros"}]}]}},"_links":{"self":[{"href":"https:\/\/forncalbou.com\/es\/wp-json\/wp\/v2\/pages\/702"}],"collection":[{"href":"https:\/\/forncalbou.com\/es\/wp-json\/wp\/v2\/pages"}],"about":[{"href":"https:\/\/forncalbou.com\/es\/wp-json\/wp\/v2\/types\/page"}],"author":[{"embeddable":true,"href":"https:\/\/forncalbou.com\/es\/wp-json\/wp\/v2\/users\/2"}],"replies":[{"embeddable":true,"href":"https:\/\/forncalbou.com\/es\/wp-json\/wp\/v2\/comments?post=702"}],"version-history":[{"count":19,"href":"https:\/\/forncalbou.com\/es\/wp-json\/wp\/v2\/pages\/702\/revisions"}],"predecessor-version":[{"id":791,"href":"https:\/\/forncalbou.com\/es\/wp-json\/wp\/v2\/pages\/702\/revisions\/791"}],"wp:attachment":[{"href":"https:\/\/forncalbou.com\/es\/wp-json\/wp\/v2\/media?parent=702"}],"curies":[{"name":"wp","href":"https:\/\/api.w.org\/{rel}","templated":true}]}}